{"id":9,"date":"2022-08-10T17:10:29","date_gmt":"2022-08-10T15:10:29","guid":{"rendered":"http:\/\/www.lesvelosdarthur.fr\/lesvelosdarthur\/?page_id=9"},"modified":"2023-03-07T10:43:25","modified_gmt":"2023-03-07T09:43:25","slug":"accueil","status":"publish","type":"page","link":"https:\/\/www.lesvelosdarthur.fr\/","title":{"rendered":"Accueil"},"content":{"rendered":"\n<p>Bienvenue sur notre site. Nous fabriquons et vendons des v\u00e9los cargo en t\u00f4le rivet\u00e9e. Ces v\u00e9los peuvent \u00eatre vendus en kit.<\/p>\n","protected":false},"excerpt":{"rendered":"<p>Bienvenue sur notre site. Nous fabriquons et vendons des v\u00e9los cargo en t\u00f4le rivet\u00e9e. Ces v\u00e9los peuvent \u00eatre vendus en kit.<\/p>\n","protected":false},"author":1,"featured_media":0,"parent":0,"menu_order":0,"comment_status":"closed","ping_status":"closed","template":"","meta":{"footnotes":""},"class_list":["post-9","page","type-page","status-publish","hentry"],"_links":{"self":[{"href":"https:\/\/www.lesvelosdarthur.fr\/index.php\/wp-json\/wp\/v2\/pages\/9","targetHints":{"allow":["GET"]}}],"collection":[{"href":"https:\/\/www.lesvelosdarthur.fr\/index.php\/wp-json\/wp\/v2\/pages"}],"about":[{"href":"https:\/\/www.lesvelosdarthur.fr\/index.php\/wp-json\/wp\/v2\/types\/page"}],"author":[{"embeddable":true,"href":"https:\/\/www.lesvelosdarthur.fr\/index.php\/wp-json\/wp\/v2\/users\/1"}],"replies":[{"embeddable":true,"href":"https:\/\/www.lesvelosdarthur.fr\/index.php\/wp-json\/wp\/v2\/comments?post=9"}],"version-history":[{"count":2,"href":"https:\/\/www.lesvelosdarthur.fr\/index.php\/wp-json\/wp\/v2\/pages\/9\/revisions"}],"predecessor-version":[{"id":47,"href":"https:\/\/www.lesvelosdarthur.fr\/index.php\/wp-json\/wp\/v2\/pages\/9\/revisions\/47"}],"wp:attachment":[{"href":"https:\/\/www.lesvelosdarthur.fr\/index.php\/wp-json\/wp\/v2\/media?parent=9"}],"curies":[{"name":"wp","href":"https:\/\/api.w.org\/{rel}","templated":true}]}}