{"id":330,"date":"2022-10-10T10:58:50","date_gmt":"2022-10-10T08:58:50","guid":{"rendered":"http:\/\/www.lesvelosdarthur.fr\/?page_id=330"},"modified":"2024-02-06T11:01:11","modified_gmt":"2024-02-06T10:01:11","slug":"pieces-perpetuelles","status":"publish","type":"page","link":"http:\/\/www.lesvelosdarthur.fr\/index.php\/pieces-perpetuelles\/","title":{"rendered":"Le concept de \u00ab\u00a0Pi\u00e8ces Perp\u00e9tuelles\u00a0\u00bb"},"content":{"rendered":"\n<p>C&rsquo;est un concept nouveau dans le domaine industriel et de la vente d&rsquo;\u00e9quipements.<\/p>\n\n\n\n<p>Lorsque vous achetez un \u00e9quipement, il est important de savoir pendant combien de temps vous trouverez des pi\u00e8ces de rechange. Il est souvent difficile d&rsquo;obtenir cette information pourtant essentielle. Souvent vous devrez  \u00e9galement acheter un ensemble complet alors qu&rsquo;il vous fallait uniquement une petite pi\u00e8ce d\u00e9faillante de cet ensemble.<\/p>\n\n\n\n<p>Nous, les V\u00e9los d&rsquo;Arthur, avons mis en place une solution alternative, le concept de <strong>Pi\u00e8ces Perp\u00e9tuelles<\/strong>.<\/p>\n\n\n\n<p>Comment cela fonctionne-t-il?<\/p>\n\n\n\n<p>Nous nous engageons \u00e0 fournir, sans limite de temps, toutes les pi\u00e8ces qui ont \u00e9t\u00e9 fabriqu\u00e9es par nos soins, c&rsquo;est \u00e0 dire toutes les pi\u00e8ces d\u00e9coup\u00e9es,  pli\u00e9es, peintes et usin\u00e9es.<\/p>\n\n\n\n<p>Tous les plans de fabrication et les plans de montage seront d\u00e9pos\u00e9s aux Archives Nationales.  <\/p>\n\n\n\n<p>Il sera possible d&rsquo;obtenir ces documents aupr\u00e8s de ces Archives Nationales lorsque nous ne pourrons plus les fournir.<\/p>\n\n\n\n<p>Nous vous reparlerons r\u00e9guli\u00e8rement de ce concept prometteur pour la durabilit\u00e9 et la r\u00e9parabilit\u00e9 des produits.<\/p>\n","protected":false},"excerpt":{"rendered":"<p>C&rsquo;est un concept nouveau dans le domaine industriel et de la vente d&rsquo;\u00e9quipements. Lorsque vous achetez un \u00e9quipement, il est important de savoir pendant combien de temps vous trouverez des pi\u00e8ces de rechange. Il est souvent difficile d&rsquo;obtenir cette information pourtant essentielle. Souvent vous devrez \u00e9galement acheter un ensemble complet alors qu&rsquo;il vous fallait uniquement &hellip; <\/p>\n<p class=\"link-more\"><a href=\"http:\/\/www.lesvelosdarthur.fr\/index.php\/pieces-perpetuelles\/\" class=\"more-link\">Continuer la lecture<span class=\"screen-reader-text\"> de &laquo;&nbsp;Le concept de \u00ab\u00a0Pi\u00e8ces Perp\u00e9tuelles\u00a0\u00bb&nbsp;&raquo;<\/span><\/a><\/p>\n","protected":false},"author":1,"featured_media":0,"parent":0,"menu_order":0,"comment_status":"closed","ping_status":"closed","template":"","meta":{"footnotes":""},"class_list":["post-330","page","type-page","status-publish","hentry"],"_links":{"self":[{"href":"http:\/\/www.lesvelosdarthur.fr\/index.php\/wp-json\/wp\/v2\/pages\/330","targetHints":{"allow":["GET"]}}],"collection":[{"href":"http:\/\/www.lesvelosdarthur.fr\/index.php\/wp-json\/wp\/v2\/pages"}],"about":[{"href":"http:\/\/www.lesvelosdarthur.fr\/index.php\/wp-json\/wp\/v2\/types\/page"}],"author":[{"embeddable":true,"href":"http:\/\/www.lesvelosdarthur.fr\/index.php\/wp-json\/wp\/v2\/users\/1"}],"replies":[{"embeddable":true,"href":"http:\/\/www.lesvelosdarthur.fr\/index.php\/wp-json\/wp\/v2\/comments?post=330"}],"version-history":[{"count":21,"href":"http:\/\/www.lesvelosdarthur.fr\/index.php\/wp-json\/wp\/v2\/pages\/330\/revisions"}],"predecessor-version":[{"id":721,"href":"http:\/\/www.lesvelosdarthur.fr\/index.php\/wp-json\/wp\/v2\/pages\/330\/revisions\/721"}],"wp:attachment":[{"href":"http:\/\/www.lesvelosdarthur.fr\/index.php\/wp-json\/wp\/v2\/media?parent=330"}],"curies":[{"name":"wp","href":"https:\/\/api.w.org\/{rel}","templated":true}]}}