{"id":132,"date":"2022-09-07T10:33:02","date_gmt":"2022-09-07T08:33:02","guid":{"rendered":"http:\/\/www.lesvelosdarthur.fr\/?page_id=132"},"modified":"2023-03-07T10:44:12","modified_gmt":"2023-03-07T09:44:12","slug":"comment-rendre-les-velos-durables","status":"publish","type":"page","link":"http:\/\/www.lesvelosdarthur.fr\/index.php\/comment-rendre-les-velos-durables\/","title":{"rendered":"Comment rendre les v\u00e9los durables?"},"content":{"rendered":"\n<ul class=\"wp-block-list\">\n<li>Ils doivent \u00eatre con\u00e7us pour \u00eatre d\u00e9montables et r\u00e9parables facilement.<\/li>\n\n\n\n<li>la documentation de montage et  de d\u00e9montage du v\u00e9lo cargo doit \u00eatre claire et facile \u00e0 utiliser. Il faut \u00e9viter au maximum l&rsquo;usage d&rsquo;outillage sp\u00e9cifique  pour entretenir le v\u00e9lo.<\/li>\n\n\n\n<li>Les pi\u00e8ces doivent \u00eatre disponibles sur une tr\u00e8s longue p\u00e9riode de temps. Nous proposons une solution sans limite de temps, que nous appelons le concept de \u00ab\u00a0<strong>pi\u00e8ces perp\u00e9tuelles<\/strong>\u00ab\u00a0. Vous trouverez plus d&rsquo;information sur ce concept dans la rubrique <strong><a href=\"http:\/\/www.lesvelosdarthur.fr\/index.php\/pieces-perpetuelles\/\">Pi\u00e8ces Perp\u00e9tuelles<\/a><\/strong><\/li>\n\n\n\n<li>Toutes les pi\u00e8ces sont rempla\u00e7ables.<\/li>\n\n\n\n<li>Il n&rsquo;est pas n\u00e9cessaire d&rsquo;avoir des outillages sp\u00e9cifiques et on\u00e9reux pour fabriquer les pi\u00e8ces.<\/li>\n\n\n\n<li>Par exemple la nacelle est fabriqu\u00e9e en plaque de contreplaqu\u00e9 que vous pouvez acheter neuves ou en recyclant un mat\u00e9riel existant.<\/li>\n<\/ul>\n\n\n\n<figure class=\"wp-block-image size-large\"><img loading=\"lazy\" decoding=\"async\" width=\"1024\" height=\"683\" src=\"http:\/\/www.lesvelosdarthur.fr\/lesvelosdarthur\/wp-content\/uploads\/2022\/08\/DSCF4924-1024x683.jpg\" alt=\"\" class=\"wp-image-31\" srcset=\"http:\/\/www.lesvelosdarthur.fr\/lesvelosdarthur\/wp-content\/uploads\/2022\/08\/DSCF4924-1024x683.jpg 1024w, http:\/\/www.lesvelosdarthur.fr\/lesvelosdarthur\/wp-content\/uploads\/2022\/08\/DSCF4924-300x200.jpg 300w, http:\/\/www.lesvelosdarthur.fr\/lesvelosdarthur\/wp-content\/uploads\/2022\/08\/DSCF4924-768x512.jpg 768w, http:\/\/www.lesvelosdarthur.fr\/lesvelosdarthur\/wp-content\/uploads\/2022\/08\/DSCF4924-1536x1024.jpg 1536w, http:\/\/www.lesvelosdarthur.fr\/lesvelosdarthur\/wp-content\/uploads\/2022\/08\/DSCF4924-2048x1365.jpg 2048w\" sizes=\"auto, (max-width: 706px) 89vw, (max-width: 767px) 82vw, 740px\" \/><\/figure>\n\n\n\n<p class=\"has-text-align-right\"><strong><a href=\"http:\/\/www.lesvelosdarthur.fr\/index.php\/le-concept\/\">Retour<\/a><\/strong><\/p>\n","protected":false},"excerpt":{"rendered":"<p>Retour<\/p>\n","protected":false},"author":1,"featured_media":0,"parent":0,"menu_order":0,"comment_status":"closed","ping_status":"closed","template":"","meta":{"footnotes":""},"class_list":["post-132","page","type-page","status-publish","hentry"],"_links":{"self":[{"href":"http:\/\/www.lesvelosdarthur.fr\/index.php\/wp-json\/wp\/v2\/pages\/132","targetHints":{"allow":["GET"]}}],"collection":[{"href":"http:\/\/www.lesvelosdarthur.fr\/index.php\/wp-json\/wp\/v2\/pages"}],"about":[{"href":"http:\/\/www.lesvelosdarthur.fr\/index.php\/wp-json\/wp\/v2\/types\/page"}],"author":[{"embeddable":true,"href":"http:\/\/www.lesvelosdarthur.fr\/index.php\/wp-json\/wp\/v2\/users\/1"}],"replies":[{"embeddable":true,"href":"http:\/\/www.lesvelosdarthur.fr\/index.php\/wp-json\/wp\/v2\/comments?post=132"}],"version-history":[{"count":14,"href":"http:\/\/www.lesvelosdarthur.fr\/index.php\/wp-json\/wp\/v2\/pages\/132\/revisions"}],"predecessor-version":[{"id":533,"href":"http:\/\/www.lesvelosdarthur.fr\/index.php\/wp-json\/wp\/v2\/pages\/132\/revisions\/533"}],"wp:attachment":[{"href":"http:\/\/www.lesvelosdarthur.fr\/index.php\/wp-json\/wp\/v2\/media?parent=132"}],"curies":[{"name":"wp","href":"https:\/\/api.w.org\/{rel}","templated":true}]}}