{"id":117,"date":"2022-09-07T10:21:41","date_gmt":"2022-09-07T08:21:41","guid":{"rendered":"http:\/\/www.lesvelosdarthur.fr\/?page_id=117"},"modified":"2023-03-07T10:50:16","modified_gmt":"2023-03-07T09:50:16","slug":"pourquoi-reutiliser-un-velo-existant","status":"publish","type":"page","link":"http:\/\/www.lesvelosdarthur.fr\/index.php\/pourquoi-reutiliser-un-velo-existant\/","title":{"rendered":"Pourquoi r\u00e9utiliser un v\u00e9lo existant ?"},"content":{"rendered":"\n<p class=\"has-text-align-left\">Pour recycler un v\u00e9lo et ses accessoires qui sont encore utilisables.<\/p>\n\n\n\n<p>Pour \u00e9viter de gaspiller de l&rsquo;\u00e9nergie grise n\u00e9cessaire \u00e0 la fabrication, au transport d&rsquo;un nouveau v\u00e9lo avec des accessoires qui peuvent venir de tr\u00e8s loin.<\/p>\n\n\n\n<p>Et parce que cela procure beaucoup de satisfaction.<\/p>\n\n\n\n<p><a href=\"http:\/\/www.lesvelosdarthur.fr\/lesvelosdarthur\/wp-content\/uploads\/2022\/10\/CDC-220516-rev1-Cahier-des-Charges-VTT-Recycle.pdf\" data-type=\"page\">T\u00e9l\u00e9chargement du cahier des charges du v\u00e9lo \u00e0 recycl\u00e9.<\/a><\/p>\n\n\n\n<p class=\"has-text-align-right\"><strong><a href=\"http:\/\/www.lesvelosdarthur.fr\/index.php\/le-concept\/\">Retour<\/a><\/strong><\/p>\n","protected":false},"excerpt":{"rendered":"<p>Pour recycler un v\u00e9lo et ses accessoires qui sont encore utilisables. Pour \u00e9viter de gaspiller de l&rsquo;\u00e9nergie grise n\u00e9cessaire \u00e0 la fabrication, au transport d&rsquo;un nouveau v\u00e9lo avec des accessoires qui peuvent venir de tr\u00e8s loin. Et parce que cela procure beaucoup de satisfaction. T\u00e9l\u00e9chargement du cahier des charges du v\u00e9lo \u00e0 recycl\u00e9. Retour<\/p>\n","protected":false},"author":1,"featured_media":0,"parent":0,"menu_order":0,"comment_status":"closed","ping_status":"closed","template":"","meta":{"footnotes":""},"class_list":["post-117","page","type-page","status-publish","hentry"],"_links":{"self":[{"href":"http:\/\/www.lesvelosdarthur.fr\/index.php\/wp-json\/wp\/v2\/pages\/117","targetHints":{"allow":["GET"]}}],"collection":[{"href":"http:\/\/www.lesvelosdarthur.fr\/index.php\/wp-json\/wp\/v2\/pages"}],"about":[{"href":"http:\/\/www.lesvelosdarthur.fr\/index.php\/wp-json\/wp\/v2\/types\/page"}],"author":[{"embeddable":true,"href":"http:\/\/www.lesvelosdarthur.fr\/index.php\/wp-json\/wp\/v2\/users\/1"}],"replies":[{"embeddable":true,"href":"http:\/\/www.lesvelosdarthur.fr\/index.php\/wp-json\/wp\/v2\/comments?post=117"}],"version-history":[{"count":13,"href":"http:\/\/www.lesvelosdarthur.fr\/index.php\/wp-json\/wp\/v2\/pages\/117\/revisions"}],"predecessor-version":[{"id":343,"href":"http:\/\/www.lesvelosdarthur.fr\/index.php\/wp-json\/wp\/v2\/pages\/117\/revisions\/343"}],"wp:attachment":[{"href":"http:\/\/www.lesvelosdarthur.fr\/index.php\/wp-json\/wp\/v2\/media?parent=117"}],"curies":[{"name":"wp","href":"https:\/\/api.w.org\/{rel}","templated":true}]}}